{"id":114152,"date":"2025-04-04T22:57:28","date_gmt":"2025-04-04T20:57:28","guid":{"rendered":"http:\/\/192.168.1.25\/aiditec\/aiditec2025\/?page_id=114152"},"modified":"2025-04-06T23:52:35","modified_gmt":"2025-04-06T21:52:35","slug":"asistente-para-seleccion-de-protector","status":"publish","type":"page","link":"https:\/\/aiditecsystems.com\/srv\/asistente-para-seleccion-de-protector\/","title":{"rendered":"Asistente para selecci\u00f3n de protector"},"content":{"rendered":"\n<p><strong>El rayo puede afectarnos fundamentalmente de dos modos, o por impacto directo o a trav\u00e9s de una sobretensi\u00f3n, por lo que un sistema completo de protecci\u00f3n contra el rayo est\u00e1 compuesto de dos sistemas; un sistema externo contra impactos directos, y otro interno para contrarrestar los efectos producidos por las sobretensiones.<\/strong><\/p>\n\n\n\n<p><strong>La Gu\u00eda T\u00e9cnica de Aplicaci\u00f3n ITC-BT 23 nos indica en que situaciones es obligatorio el uso de dispositivos de protecci\u00f3n contra sobretensiones transitorias, sea cual sea el sistema de alimentaci\u00f3n. Estos casos son:<\/strong><\/p>\n\n\n\n<ul class=\"wp-block-list\">\n<li>L\u00ednea de alimentaci\u00f3n de baja tensi\u00f3n total o parcialmente a\u00e9rea o cuando la instalaci\u00f3n incluye l\u00edneas a\u00e9reas.<\/li>\n\n\n\n<li>Riesgo de fallo afectando a la vida humana (servicios de seguridad, centros de emergencias, hospitales\u2026)<\/li>\n\n\n\n<li>Riesgo de fallo afectando la vida de los animales (explotaciones ganaderas, piscifactor\u00edas\u2026)<\/li>\n\n\n\n<li>Riesgo de fallo afectando a los servicios p\u00fablicos (centros inform\u00e1ticos, sistemas de telecomunicaciones\u2026)<\/li>\n\n\n\n<li>Riesgo de fallo afectando actividades agr\u00edcolas o industriales no interrumpibles.<\/li>\n\n\n\n<li>Riesgo de falo afectando las instalaciones y equipos de los locales de p\u00fablica concurrencia que tengan servicios de seguridad no aut\u00f3nomos.<\/li>\n<\/ul>\n\n\n\n<p><strong>La norma 61643-11 indica que existen 3 tipos de protectores contra sobretensiones: Tipo 1, Tipo 2 y Tipo 3; diferenciados por su capacidad de absorci\u00f3n de energ\u00eda, la rapidez de respuesta y el origen de la sobretensi\u00f3n.<\/strong><\/p>\n\n\n\n<p><strong>Para saber cual es el tipo de protector que necesitamos, seg\u00fan la normativa, para cada caso espec\u00edfico hay que tener en cuenta si hay pararrayos, cu\u00e1l es el riesgo isocer\u00e1unico de la zona y el punto de instalaci\u00f3n del equipo.<\/strong><\/p>\n\n\n\n<p><strong>El siguiente programa es un m\u00e9todo simplificado y automatizado de selecci\u00f3n de protectores contra sobretensiones basado en la normativa anteriormente mencionada, a fin de hacer el proceso m\u00e1s accesible para todo el mundo. En caso de requerirse un c\u00e1lculo m\u00e1s preciso, o de estructuras m\u00e1s complejas, p\u00f3ngase en contacto con nosotros.<\/strong><\/p>\n","protected":false},"excerpt":{"rendered":"<p>El rayo puede afectarnos fundamentalmente de dos modos, o por impacto directo o a trav\u00e9s de&#8230;<\/p>\n","protected":false},"author":2,"featured_media":0,"parent":0,"menu_order":3,"comment_status":"closed","ping_status":"closed","template":"templates\/protector.php","meta":{"_acf_changed":false,"footnotes":""},"class_list":["post-114152","page","type-page","status-publish","hentry"],"acf":[],"_links":{"self":[{"href":"https:\/\/aiditecsystems.com\/srv\/wp-json\/wp\/v2\/pages\/114152","targetHints":{"allow":["GET"]}}],"collection":[{"href":"https:\/\/aiditecsystems.com\/srv\/wp-json\/wp\/v2\/pages"}],"about":[{"href":"https:\/\/aiditecsystems.com\/srv\/wp-json\/wp\/v2\/types\/page"}],"author":[{"embeddable":true,"href":"https:\/\/aiditecsystems.com\/srv\/wp-json\/wp\/v2\/users\/2"}],"replies":[{"embeddable":true,"href":"https:\/\/aiditecsystems.com\/srv\/wp-json\/wp\/v2\/comments?post=114152"}],"version-history":[{"count":2,"href":"https:\/\/aiditecsystems.com\/srv\/wp-json\/wp\/v2\/pages\/114152\/revisions"}],"predecessor-version":[{"id":114262,"href":"https:\/\/aiditecsystems.com\/srv\/wp-json\/wp\/v2\/pages\/114152\/revisions\/114262"}],"wp:attachment":[{"href":"https:\/\/aiditecsystems.com\/srv\/wp-json\/wp\/v2\/media?parent=114152"}],"curies":[{"name":"wp","href":"https:\/\/api.w.org\/{rel}","templated":true}]}}